{"id":473,"date":"2025-09-12T05:46:24","date_gmt":"2025-09-12T03:46:24","guid":{"rendered":"https:\/\/fumotpuff.com\/?post_type=product&#038;p=473"},"modified":"2025-09-12T05:46:25","modified_gmt":"2025-09-12T03:46:25","slug":"fumot-tornado-30k-music-cherry-ice","status":"publish","type":"product","link":"https:\/\/fumotpuff.com\/da\/vare\/fumot-tornado-30k-music-cherry-ice\/","title":{"rendered":"Fumot Tornado 30K Music Cherry Ice"},"content":{"rendered":"<h2 class=\"text-xl font-bold text-text-100 mt-1 -mb-0.5\">Fumot Tornado 30K Music Cherry Ice engangs e-cigaret<\/h2>\n<p class=\"whitespace-normal break-words\">Nyd den klassiske kombination af s\u00f8de kirseb\u00e6r og forfriskende kulde med Fumot Tornado 30K Music Cherry Ice. Denne f\u00f8rsteklasses engangs e-cigaret tilbyder ekstraordin\u00e6re 30.000 pust, underst\u00f8ttet af en omfattende 30 ml e-v\u00e6ske kapacitet for varig smag.<\/p>\n<h3 class=\"text-lg font-bold text-text-100 mt-1 -mb-1.5\">S\u00e6rlige fordele ved Cherry Ice-versionen:<\/h3>\n<p class=\"whitespace-normal break-words\"><strong>Langvarig brug:<\/strong> Op til 30.000 pust giver uafbrudt nydelse i ugevis.<\/p>\n<p class=\"whitespace-normal break-words\"><strong>Individuel nikotinstyrke:<\/strong> Valg mellem 2% og 5% nikotinkoncentration.<\/p>\n<p class=\"whitespace-normal break-words\"><strong>Gener\u00f8s fyldning:<\/strong> 30 ml e-v\u00e6ske til omfattende brug.<\/p>\n<p class=\"whitespace-normal break-words\"><strong>H\u00f8jt udviklet fordampning:<\/strong> 1,0\u03a9 mesh coil for f\u00f8rsteklasses smagsoverf\u00f8rsel.<\/p>\n<p class=\"whitespace-normal break-words\"><strong>P\u00e5lidelig batteriteknologi:<\/strong> 600 mAh batteri med effektiv Type-C-opladning.<\/p>\n<p class=\"whitespace-normal break-words\"><strong>Audiovisuel integration:<\/strong> LED-belysning synkroniseret med musikafspilning.<\/p>\n<h3 class=\"text-lg font-bold text-text-100 mt-1 -mb-1.5\">Tekniske egenskaber:<\/h3>\n<p class=\"whitespace-normal break-words\">\u2611 Nikotinindhold: 2% \/ 5%<br \/>\n\u2611 Maksimalt antal tog: 30.000<br \/>\n\u2611 Smagsprofil for Cherry Ice<br \/>\n\u2611 Batterikapacitet: 600mAh<br \/>\n\u2611 1,0\u03a9 netfordamper<br \/>\nType-C opladningsinterface<br \/>\n\u2611 Rytmeafh\u00e6ngige lysdioder<\/p>\n<p class=\"whitespace-normal break-words\">Opdag flere premium-muligheder p\u00e5 vores <strong><a class=\"underline\" href=\"https:\/\/fumotpuff.com\/da\/\">Hovedwebsted<\/a><\/strong>udforske hele <strong><a class=\"underline\" href=\"https:\/\/fumotpuff.com\/da\/product-category\/fumot-vape\/\">FUMOT VAPE tilbud<\/a><\/strong> eller v\u00e6lg mellem alle <strong><a class=\"underline\" href=\"https:\/\/fumotpuff.com\/da\/product-category\/fumot-vape\/fumot-tornado-30k-music\/\">Fumot Tornado 30K Musikvariationer<\/a><\/strong>.<\/p>","protected":false},"excerpt":{"rendered":"<div>\n<div class=\"grid-cols-1 grid gap-2.5 [&amp;_&gt;_*]:min-w-0 !gap-3.5\">\n<p class=\"whitespace-normal break-words\">Die Fumot Tornado 30K Music Cherry Ice Einweg-E-Zigarette vereint s\u00fc\u00dfe Kirschen mit erfrischender K\u00e4lte. Mit 30.000 Z\u00fcgen, 30ml E-Liquid und musiksynchroner LED-Beleuchtung bietet sie langanhaltenden Premium-Dampfgenuss f\u00fcr wochenlange Nutzung.<\/p>\n<\/div>\n<\/div>\n<div class=\"h-8\"><\/div>\n","protected":false},"featured_media":475,"comment_status":"open","ping_status":"closed","template":"","meta":{"_acf_changed":false},"product_brand":[],"product_cat":[20],"product_tag":[],"class_list":{"0":"post-473","1":"product","2":"type-product","3":"status-publish","4":"has-post-thumbnail","6":"product_cat-fumot-tornado-30k-music","8":"first","9":"instock","10":"shipping-taxable","11":"purchasable","12":"product-type-variable"},"acf":[],"_links":{"self":[{"href":"https:\/\/fumotpuff.com\/da\/wp-json\/wp\/v2\/product\/473","targetHints":{"allow":["GET"]}}],"collection":[{"href":"https:\/\/fumotpuff.com\/da\/wp-json\/wp\/v2\/product"}],"about":[{"href":"https:\/\/fumotpuff.com\/da\/wp-json\/wp\/v2\/types\/product"}],"replies":[{"embeddable":true,"href":"https:\/\/fumotpuff.com\/da\/wp-json\/wp\/v2\/comments?post=473"}],"wp:featuredmedia":[{"embeddable":true,"href":"https:\/\/fumotpuff.com\/da\/wp-json\/wp\/v2\/media\/475"}],"wp:attachment":[{"href":"https:\/\/fumotpuff.com\/da\/wp-json\/wp\/v2\/media?parent=473"}],"wp:term":[{"taxonomy":"product_brand","embeddable":true,"href":"https:\/\/fumotpuff.com\/da\/wp-json\/wp\/v2\/product_brand?post=473"},{"taxonomy":"product_cat","embeddable":true,"href":"https:\/\/fumotpuff.com\/da\/wp-json\/wp\/v2\/product_cat?post=473"},{"taxonomy":"product_tag","embeddable":true,"href":"https:\/\/fumotpuff.com\/da\/wp-json\/wp\/v2\/product_tag?post=473"}],"curies":[{"name":"wp","href":"https:\/\/api.w.org\/{rel}","templated":true}]}}