{"id":3392,"date":"2025-10-21T05:31:59","date_gmt":"2025-10-21T03:31:59","guid":{"rendered":"https:\/\/fumotpuff.com\/?post_type=product&#038;p=3392"},"modified":"2025-10-21T05:32:14","modified_gmt":"2025-10-21T03:32:14","slug":"bang-legend-110k-blueberry-raspberry-gummy-bear-watermelon-pitaya","status":"publish","type":"product","link":"https:\/\/fumotpuff.com\/da\/vare\/bang-legend-110k-blueberry-raspberry-gummy-bear-watermelon-pitaya\/","title":{"rendered":"Bang Legend 110K Bl\u00e5b\u00e6r Hindb\u00e6r\/Gummibamse\/Vandmelon Pitaya"},"content":{"rendered":"<h2 class=\"text-xl font-bold text-text-100 mt-1 -mb-0.5\">Bang Legend 110K Blueberry Raspberry\/Gummy Bear\/Watermelon Pitaya Engangs-vape<\/h2>\n<p class=\"whitespace-normal break-words\">Oplev den ekstraordin\u00e6re kombination af Blueberry Raspberry, Gummy Bear og Watermelon Pitaya med Bang Legend 110K. Denne multismagsenhed tilbyder op til 110.000 pust og tre uafh\u00e6ngige smagsprofiler: intens b\u00e6rharmoni, s\u00f8d vingummibj\u00f8rnenostalgi og eksotisk dragefrugt-melon-fusion.<\/p>\n<p class=\"whitespace-normal break-words\"><strong>Fra klassisk s\u00f8d til eksotisk frugtagtig<\/strong><\/p>\n<p class=\"whitespace-normal break-words\">Bang Legend 110000 Puffs Disposable Vape med disse tre smagsvarianter d\u00e6kker en bred vifte af smage. Blueberry Raspberry leverer autentisk b\u00e6rpower, Gummy Bear bringer s\u00f8de barndomsminder tilbage, mens Watermelon Pitaya overrasker med sin eksotiske smag. Takket v\u00e6re intelligent smagsskift kan du selv bestemme, hvilken smag der skal f\u00f8lge dig i enhver situation.<\/p>\n<p class=\"whitespace-normal break-words\">Med et p\u00e5lideligt 600 mAh-batteri og Type-C-hurtigopladningsport forbliver du fleksibel og mobil. Den meget effektive 1,0\u03a9-meshcoil garanterer konstant t\u00e6t damp med nuanceret smagsgengivelse.<\/p>\n<p class=\"whitespace-normal break-words\">Tankens kapacitet p\u00e5 20 ml kombineret med nikotinniveauer, der kan tilpasses (0%, 2%, 3%, 5%), giver langvarig tilfredshed for enhver dampstil.<\/p>\n<p class=\"whitespace-normal break-words\"><strong>Produktspecifikationer:<\/strong><\/p>\n<p class=\"whitespace-normal break-words\"><strong>Maksimale bev\u00e6gelser:<\/strong> 110.000<br \/>\n<strong>Batteristr\u00f8m:<\/strong> 600 mAh genopladelig Type-C<br \/>\n<strong>Tankens st\u00f8rrelse:<\/strong> 20 ml<br \/>\n<strong>Fordamperens hoved:<\/strong> 1,0\u03a9 netspole<br \/>\n<strong>Muligheder for nikotin:<\/strong> 0%, 2%, 3%, 5%<br \/>\n<strong>\u00c6ndring af smag:<\/strong> 3-i-1-system<br \/>\n<strong>Driftstilstand:<\/strong> Automatisk aktivering af tog<br \/>\n<strong>Opladningstid:<\/strong> 40 minutter<\/p>\n<h3 class=\"text-lg font-bold text-text-100 mt-1 -mb-1.5\">Oplev mere BANG VAPE hos fumotpuff<\/h3>\n<p class=\"whitespace-normal break-words\">S\u00e6t din lid til <strong><a class=\"underline\" href=\"https:\/\/fumotpuff.com\/da\/\">Fumot Puff<\/a><\/strong> som din p\u00e5lidelige onlinebutik for f\u00f8rsteklasses vapes. Gennemse det komplette <strong><a class=\"underline\" href=\"https:\/\/fumotpuff.com\/da\/product-category\/bang-vape\/\">BANG VAPE udvalg<\/a><\/strong> med banebrydende produkter. Alle smagsvarianter af <strong><a class=\"underline\" href=\"https:\/\/fumotpuff.com\/da\/product-category\/bang-vape\/bang-legend-110k\/\">Bang Legend 110k-serien<\/a><\/strong> er tilg\u00e6ngelige for dig at v\u00e6lge imellem.<\/p>","protected":false},"excerpt":{"rendered":"<p class=\"whitespace-normal break-words\">Bang Legend 110K Blueberry Raspberry\/Gummy Bear\/Watermelon Pitaya giver 110.000 pust med tre alsidige smagsvarianter. Med 20 ml e-v\u00e6ske, 600 mAh genopladeligt batteri og 1,0\u03a9 mesh coil for intense smagsoplevelser. Fleksibelt valg af 0-5% nikotin. Type-C-hurtigopladning p\u00e5 40 minutter.<\/p>","protected":false},"featured_media":3394,"comment_status":"open","ping_status":"closed","template":"","meta":{"_acf_changed":false},"product_brand":[],"product_cat":[37],"product_tag":[],"class_list":{"0":"post-3392","1":"product","2":"type-product","3":"status-publish","4":"has-post-thumbnail","6":"product_cat-bang-legend-110k","8":"first","9":"instock","10":"shipping-taxable","11":"purchasable","12":"product-type-variable"},"acf":[],"_links":{"self":[{"href":"https:\/\/fumotpuff.com\/da\/wp-json\/wp\/v2\/product\/3392","targetHints":{"allow":["GET"]}}],"collection":[{"href":"https:\/\/fumotpuff.com\/da\/wp-json\/wp\/v2\/product"}],"about":[{"href":"https:\/\/fumotpuff.com\/da\/wp-json\/wp\/v2\/types\/product"}],"replies":[{"embeddable":true,"href":"https:\/\/fumotpuff.com\/da\/wp-json\/wp\/v2\/comments?post=3392"}],"wp:featuredmedia":[{"embeddable":true,"href":"https:\/\/fumotpuff.com\/da\/wp-json\/wp\/v2\/media\/3394"}],"wp:attachment":[{"href":"https:\/\/fumotpuff.com\/da\/wp-json\/wp\/v2\/media?parent=3392"}],"wp:term":[{"taxonomy":"product_brand","embeddable":true,"href":"https:\/\/fumotpuff.com\/da\/wp-json\/wp\/v2\/product_brand?post=3392"},{"taxonomy":"product_cat","embeddable":true,"href":"https:\/\/fumotpuff.com\/da\/wp-json\/wp\/v2\/product_cat?post=3392"},{"taxonomy":"product_tag","embeddable":true,"href":"https:\/\/fumotpuff.com\/da\/wp-json\/wp\/v2\/product_tag?post=3392"}],"curies":[{"name":"wp","href":"https:\/\/api.w.org\/{rel}","templated":true}]}}