{"id":2044,"date":"2025-10-05T06:01:14","date_gmt":"2025-10-05T04:01:14","guid":{"rendered":"https:\/\/fumotpuff.com\/?post_type=product&#038;p=2044"},"modified":"2025-10-05T06:01:14","modified_gmt":"2025-10-05T04:01:14","slug":"randm-tornado-9000-ice-pop","status":"publish","type":"product","link":"https:\/\/fumotpuff.com\/da\/vare\/randm-tornado-9000-ice-pop\/","title":{"rendered":"RandM Tornado 9000 Ice Pop"},"content":{"rendered":"<h2 class=\"text-xl font-bold text-text-100 mt-1 -mb-0.5\">RandM Tornado 9000 Ice Pop til engangsbrug<\/h2>\n<p class=\"whitespace-normal break-words\">RandM Tornado 9000 Ice Pop indfanger perfekt den nostalgiske smag af popul\u00e6re ispinde. Denne forfriskende variant kombinerer forskellige frugtagtige noter med en intens k\u00f8leeffekt, der minder om sommerens issmag. Med en kapacitet p\u00e5 9000 pust og 18 ml e-v\u00e6ske giver denne engangs-vape-enhed langvarig forfriskning. Mesh-spolen af h\u00f8j kvalitet sikrer en autentisk gengivelse af de farverige frugtsmage parret med en kraftig k\u00f8lig finish, der g\u00f8r hvert sug til et forfriskende h\u00f8jdepunkt.<\/p>\n<h3 class=\"text-lg font-bold text-text-100 mt-1 -mb-1.5\">Produktets h\u00f8jdepunkter Ice Pop:<\/h3>\n<p class=\"whitespace-normal break-words\">Tilpas din dampoplevelse med de tilg\u00e6ngelige nikotinsaltkoncentrationer p\u00e5 0%, 2%, 3% eller 5%, s\u00e5 de passer til dine pr\u00e6ferencer.<\/p>\n<p class=\"whitespace-normal break-words\">Den optimerede 0,8 ohm mesh coil-konstruktion fremh\u00e6ver de forskellige frugtagtige noter og k\u00f8leeffekten perfekt.<\/p>\n<p class=\"whitespace-normal break-words\">Det integrerede LED-display viser dig hele tiden den aktuelle batteristatus og vigtige oplysninger om enheden.<\/p>\n<p class=\"whitespace-normal break-words\">Det robuste 850 mAh-batteri med Type-C-hurtigopladningsport garanterer langvarig brug uden afbrydelser.<\/p>\n<p class=\"whitespace-normal break-words\">Det ukomplicerede automatiske tr\u00e6k g\u00f8r apparatet s\u00e6rligt brugervenligt og ideelt til rejser.<\/p>\n<h3 class=\"text-lg font-bold text-text-100 mt-1 -mb-1.5\">Tekniske specifikationer:<\/h3>\n<p class=\"whitespace-normal break-words\"><strong>Tog:<\/strong> 9000<br \/>\n<strong>Indhold af nikotin:<\/strong> 0%\/2%\/3%\/5%<br \/>\n<strong>Nikotintype:<\/strong> Nikotinsalt<br \/>\n<strong>Tankens volumen:<\/strong> 18 ml<br \/>\n<strong>Modstandskraft:<\/strong> 0,8 Ohm mesh-spole<br \/>\n<strong>Batteri:<\/strong> 850mAh genopladelig<br \/>\n<strong>Opladningsforbindelse:<\/strong> USB Type-C<br \/>\n<strong>Aktivering:<\/strong> Automatisk togkontrol<\/p>\n<h3 class=\"text-lg font-bold text-text-100 mt-1 -mb-1.5\">Oplev mere FUMOT VAPE p\u00e5 fumotpuff<\/h3>\n<p class=\"whitespace-normal break-words\">Oplev flere h\u00f8jdepunkter i vores <strong><a class=\"underline\" href=\"https:\/\/fumotpuff.com\/da\/\">Webshop<\/a><\/strong> eller lad den <strong><a class=\"underline\" href=\"https:\/\/fumotpuff.com\/da\/product-category\/fumot-vape\/\">FUMOT VAPE produktsortiment<\/a><\/strong> inspirere dig. Det komplette udvalg af smagsvarianter venter i <strong><a class=\"underline\" href=\"https:\/\/fumotpuff.com\/da\/product-category\/fumot-vape\/randm-tornado-9000\/\">RandM Tornado 9000 Oversigt<\/a><\/strong> for dig.<\/p>","protected":false},"excerpt":{"rendered":"<p class=\"whitespace-normal break-words\">RandM Tornado 9000 Ice Pop engangsdamper giver op til 9.000 pust med en nostalgisk ispindssmag med farverige frugtsmage og en kraftig k\u00f8leeffekt. Udstyret med 18 ml nikotinsaltv\u00e6ske, 0,8\u03a9 mesh coil, 850 mAh genopladeligt batteri, justerbar luftstr\u00f8m og LED-display til forfriskende sommerdampning.<\/p>","protected":false},"featured_media":2046,"comment_status":"open","ping_status":"closed","template":"","meta":{"_acf_changed":false},"product_brand":[],"product_cat":[25],"product_tag":[],"class_list":{"0":"post-2044","1":"product","2":"type-product","3":"status-publish","4":"has-post-thumbnail","6":"product_cat-randm-tornado-9000","8":"first","9":"instock","10":"shipping-taxable","11":"purchasable","12":"product-type-variable"},"acf":[],"_links":{"self":[{"href":"https:\/\/fumotpuff.com\/da\/wp-json\/wp\/v2\/product\/2044","targetHints":{"allow":["GET"]}}],"collection":[{"href":"https:\/\/fumotpuff.com\/da\/wp-json\/wp\/v2\/product"}],"about":[{"href":"https:\/\/fumotpuff.com\/da\/wp-json\/wp\/v2\/types\/product"}],"replies":[{"embeddable":true,"href":"https:\/\/fumotpuff.com\/da\/wp-json\/wp\/v2\/comments?post=2044"}],"wp:featuredmedia":[{"embeddable":true,"href":"https:\/\/fumotpuff.com\/da\/wp-json\/wp\/v2\/media\/2046"}],"wp:attachment":[{"href":"https:\/\/fumotpuff.com\/da\/wp-json\/wp\/v2\/media?parent=2044"}],"wp:term":[{"taxonomy":"product_brand","embeddable":true,"href":"https:\/\/fumotpuff.com\/da\/wp-json\/wp\/v2\/product_brand?post=2044"},{"taxonomy":"product_cat","embeddable":true,"href":"https:\/\/fumotpuff.com\/da\/wp-json\/wp\/v2\/product_cat?post=2044"},{"taxonomy":"product_tag","embeddable":true,"href":"https:\/\/fumotpuff.com\/da\/wp-json\/wp\/v2\/product_tag?post=2044"}],"curies":[{"name":"wp","href":"https:\/\/api.w.org\/{rel}","templated":true}]}}