{"id":2037,"date":"2025-10-05T05:50:50","date_gmt":"2025-10-05T03:50:50","guid":{"rendered":"https:\/\/fumotpuff.com\/?post_type=product&#038;p=2037"},"modified":"2025-10-05T05:50:51","modified_gmt":"2025-10-05T03:50:51","slug":"randm-tornado-9000-blue-razz-kush","status":"publish","type":"product","link":"https:\/\/fumotpuff.com\/da\/vare\/randm-tornado-9000-blue-razz-kush\/","title":{"rendered":"RandM Tornado 9000 Blue Razz Kush"},"content":{"rendered":"<h2 class=\"text-xl font-bold text-text-100 mt-1 -mb-0.5\">RandM Tornado 9000 Blue Razz Kush engangs vape<\/h2>\n<p class=\"whitespace-normal break-words\">RandM Tornado 9000 Blue Razz Kush pr\u00e6senterer en ekstraordin\u00e6r smagssammens\u00e6tning af s\u00f8de og sure bl\u00e5 hindb\u00e6r med en s\u00e6rlig Kush-note. Denne unikke blanding giver en kompleks smagsprofil, der er b\u00e5de frugtagtig og krydret. Med imponerende 9000 pust og en gener\u00f8s 18 ml tank giver denne engangs vape-enhed langvarig nydelse. Mesh coil-teknologien af h\u00f8j kvalitet fremh\u00e6ver de mange lag af smag perfekt og sikrer en intens dampoplevelse ved hver ind\u00e5nding.<\/p>\n<h3 class=\"text-lg font-bold text-text-100 mt-1 -mb-1.5\">Produktets h\u00f8jdepunkter Blue Razz Kush:<\/h3>\n<p class=\"whitespace-normal break-words\">Med de fleksible nikotinsaltstyrker 0%, 2%, 3% og 5% kan du finde den ideelle dosis til dine behov.<\/p>\n<p class=\"whitespace-normal break-words\">Den kraftige 0,8 ohm mesh coil udfolder den komplekse smagskombination p\u00e5 fremragende vis og producerer t\u00e6tte skyer af damp.<\/p>\n<p class=\"whitespace-normal break-words\">Hold dig hele tiden orienteret om batterikapacitet og systemstatus takket v\u00e6re det moderne LED-display.<\/p>\n<p class=\"whitespace-normal break-words\">Det p\u00e5lidelige 850 mAh-batteri med den praktiske Type-C-opladningsfunktion sikrer, at den hele tiden er klar til brug.<\/p>\n<p class=\"whitespace-normal break-words\">Den automatiske tr\u00e6kaktivering giver en intuitiv og ubesv\u00e6ret dampoplevelse.<\/p>\n<h3 class=\"text-lg font-bold text-text-100 mt-1 -mb-1.5\">Tekniske specifikationer:<\/h3>\n<p class=\"whitespace-normal break-words\"><strong>Tog:<\/strong> 9000<br \/>\n<strong>Indhold af nikotin:<\/strong> 0%\/2%\/3%\/5%<br \/>\n<strong>Nikotintype:<\/strong> Nikotinsalt<br \/>\n<strong>Tankens volumen:<\/strong> 18 ml<br \/>\n<strong>Modstandskraft:<\/strong> 0,8 Ohm mesh-spole<br \/>\n<strong>Batteri:<\/strong> 850mAh genopladelig<br \/>\n<strong>Opladningsforbindelse:<\/strong> USB Type-C<br \/>\n<strong>Aktivering:<\/strong> Automatisk togkontrol<\/p>\n<h3 class=\"text-lg font-bold text-text-100 mt-1 -mb-1.5\">Oplev mere FUMOT VAPE p\u00e5 fumotpuff<\/h3>\n<p class=\"whitespace-normal break-words\">Bes\u00f8g vores <strong><a class=\"underline\" href=\"https:\/\/fumotpuff.com\/da\/\">Online butik<\/a><\/strong> for flere produkter af h\u00f8j kvalitet, eller opdag de alsidige <strong><a class=\"underline\" href=\"https:\/\/fumotpuff.com\/da\/product-category\/fumot-vape\/\">FUMOT VAPE udvalg<\/a><\/strong>. Du kan finde hele udvalget af smagsvarianter i <strong><a class=\"underline\" href=\"https:\/\/fumotpuff.com\/da\/product-category\/fumot-vape\/randm-tornado-9000\/\">RandM Tornado 9000 verden af smag<\/a><\/strong>.<\/p>","protected":false},"excerpt":{"rendered":"<p class=\"whitespace-normal break-words\">RandM Tornado 9000 Blue Razz Kush engangsdamper leverer op til 9.000 pust med s\u00f8de og sure bl\u00e5 hindb\u00e6r og krydret kush-smag. Udstyret med 18 ml nikotinsaltv\u00e6ske, 0,8\u03a9 mesh coil, 850 mAh genopladeligt batteri, justerbar luftstr\u00f8m og LED-display til kompleks dampoplevelse i flere lag.<\/p>","protected":false},"featured_media":2039,"comment_status":"open","ping_status":"closed","template":"","meta":{"_acf_changed":false},"product_brand":[],"product_cat":[25],"product_tag":[],"class_list":{"0":"post-2037","1":"product","2":"type-product","3":"status-publish","4":"has-post-thumbnail","6":"product_cat-randm-tornado-9000","8":"first","9":"instock","10":"shipping-taxable","11":"purchasable","12":"product-type-variable"},"acf":[],"_links":{"self":[{"href":"https:\/\/fumotpuff.com\/da\/wp-json\/wp\/v2\/product\/2037","targetHints":{"allow":["GET"]}}],"collection":[{"href":"https:\/\/fumotpuff.com\/da\/wp-json\/wp\/v2\/product"}],"about":[{"href":"https:\/\/fumotpuff.com\/da\/wp-json\/wp\/v2\/types\/product"}],"replies":[{"embeddable":true,"href":"https:\/\/fumotpuff.com\/da\/wp-json\/wp\/v2\/comments?post=2037"}],"wp:featuredmedia":[{"embeddable":true,"href":"https:\/\/fumotpuff.com\/da\/wp-json\/wp\/v2\/media\/2039"}],"wp:attachment":[{"href":"https:\/\/fumotpuff.com\/da\/wp-json\/wp\/v2\/media?parent=2037"}],"wp:term":[{"taxonomy":"product_brand","embeddable":true,"href":"https:\/\/fumotpuff.com\/da\/wp-json\/wp\/v2\/product_brand?post=2037"},{"taxonomy":"product_cat","embeddable":true,"href":"https:\/\/fumotpuff.com\/da\/wp-json\/wp\/v2\/product_cat?post=2037"},{"taxonomy":"product_tag","embeddable":true,"href":"https:\/\/fumotpuff.com\/da\/wp-json\/wp\/v2\/product_tag?post=2037"}],"curies":[{"name":"wp","href":"https:\/\/api.w.org\/{rel}","templated":true}]}}