{"id":2023,"date":"2025-10-05T05:46:27","date_gmt":"2025-10-05T03:46:27","guid":{"rendered":"https:\/\/fumotpuff.com\/?post_type=product&#038;p=2023"},"modified":"2025-10-05T05:46:27","modified_gmt":"2025-10-05T03:46:27","slug":"randm-tornado-9000-bluelicious-ice","status":"publish","type":"product","link":"https:\/\/fumotpuff.com\/da\/vare\/randm-tornado-9000-bluelicious-ice\/","title":{"rendered":"RandM Tornado 9000 Bluelicious Ice"},"content":{"rendered":"<h2 class=\"text-xl font-bold text-text-100 mt-1 -mb-0.5\">RandM Tornado 9000 Bluelicious Ice engangs vape<\/h2>\n<p class=\"whitespace-normal break-words\">RandM Tornado 9000 Bluelicious Ice kombinerer den s\u00f8de smag af modne bl\u00e5b\u00e6r med en forfriskende k\u00f8leeffekt. Denne fristende smagssammens\u00e6tning giver det bedste fra begge verdener: den naturlige s\u00f8dme fra saftige bl\u00e5b\u00e6r parret med en forfriskende k\u00f8lig note. Med 9000 pust og 18 ml e-v\u00e6ske garanterer denne engangsdamper langvarig dampnydelse. Den kraftige mesh-coil sikrer en optimal balance mellem den frugtagtige bl\u00e5b\u00e6rsmag og den k\u00f8lende finish, som g\u00f8r hvert sug s\u00e6rligt forfriskende.<\/p>\n<h3 class=\"text-lg font-bold text-text-100 mt-1 -mb-1.5\">Produktets h\u00f8jdepunkter Bluelicious Ice:<\/h3>\n<p class=\"whitespace-normal break-words\">Tilpas din foretrukne styrke med de tilg\u00e6ngelige nikotinsaltindstillinger fra 0% til 5%.<\/p>\n<p class=\"whitespace-normal break-words\">Den h\u00f8jkvalitets 0,8 ohm mesh coil-teknologi fremh\u00e6ver b\u00e5de den frugtagtige s\u00f8dme og den k\u00f8lende effekt perfekt.<\/p>\n<p class=\"whitespace-normal break-words\">Det tydelige LED-display holder dig l\u00f8bende informeret om batteristatus og enhedens status.<\/p>\n<p class=\"whitespace-normal break-words\">Det langtidsholdbare 850 mAh-batteri med Type-C-hurtigopladningsfunktion giver mulighed for kontinuerlig dampnydelse.<\/p>\n<p class=\"whitespace-normal break-words\">Den intelligente automatiske togkontrol giver maksimal komfort uden komplicerede indstillinger.<\/p>\n<h3 class=\"text-lg font-bold text-text-100 mt-1 -mb-1.5\">Tekniske specifikationer:<\/h3>\n<p class=\"whitespace-normal break-words\"><strong>Tog:<\/strong> 9000<br \/>\n<strong>Indhold af nikotin:<\/strong> 0%\/2%\/3%\/5%<br \/>\n<strong>Nikotintype:<\/strong> Nikotinsalt<br \/>\n<strong>Tankens volumen:<\/strong> 18 ml<br \/>\n<strong>Modstandskraft:<\/strong> 0,8 Ohm mesh-spole<br \/>\n<strong>Batteri:<\/strong> 850mAh genopladelig<br \/>\n<strong>Opladningsforbindelse:<\/strong> USB Type-C<br \/>\n<strong>Aktivering:<\/strong> Automatisk togkontrol<\/p>\n<h3 class=\"text-lg font-bold text-text-100 mt-1 -mb-1.5\">Oplev mere FUMOT VAPE p\u00e5 fumotpuff<\/h3>\n<p class=\"whitespace-normal break-words\">Tag et kig p\u00e5 vores <strong><a class=\"underline\" href=\"https:\/\/fumotpuff.com\/da\/\">Hovedbutik<\/a><\/strong> eller gennemse den omfattende <strong><a class=\"underline\" href=\"https:\/\/fumotpuff.com\/da\/product-category\/fumot-vape\/\">FUMOT VAPE Kategori<\/a><\/strong>. Det komplette udvalg af smagsoplevelser venter i <strong><a class=\"underline\" href=\"https:\/\/fumotpuff.com\/da\/product-category\/fumot-vape\/randm-tornado-9000\/\">RandM Tornado 9000-serien<\/a><\/strong> for dig.<\/p>","protected":false},"excerpt":{"rendered":"<div>\n<div class=\"grid-cols-1 grid gap-2.5 [&amp;_&gt;_*]:min-w-0\">\n<p class=\"whitespace-normal break-words\">Die RandM Tornado 9000 Bluelicious Ice Einweg-Vape bietet bis zu 9.000 Z\u00fcge mit s\u00fc\u00dfem Blaubeer-Geschmack und erfrischendem K\u00fchleffekt. Ausgestattet mit 18ml Nikotinsalz-Liquid, 0,8\u03a9 Mesh-Coil, 850mAh wiederaufladbarem Akku, verstellbarer Airflow und LED-Display f\u00fcr fruchtigen Ice-Dampfgenuss.<\/p>\n<\/div>\n<\/div>\n<div>\n<div class=\"grid-cols-1 grid gap-2.5 [&amp;_&gt;_*]:min-w-0\"><\/div>\n<\/div>\n","protected":false},"featured_media":2025,"comment_status":"open","ping_status":"closed","template":"","meta":{"_acf_changed":false},"product_brand":[],"product_cat":[25],"product_tag":[],"class_list":{"0":"post-2023","1":"product","2":"type-product","3":"status-publish","4":"has-post-thumbnail","6":"product_cat-randm-tornado-9000","8":"first","9":"instock","10":"shipping-taxable","11":"purchasable","12":"product-type-variable"},"acf":[],"_links":{"self":[{"href":"https:\/\/fumotpuff.com\/da\/wp-json\/wp\/v2\/product\/2023","targetHints":{"allow":["GET"]}}],"collection":[{"href":"https:\/\/fumotpuff.com\/da\/wp-json\/wp\/v2\/product"}],"about":[{"href":"https:\/\/fumotpuff.com\/da\/wp-json\/wp\/v2\/types\/product"}],"replies":[{"embeddable":true,"href":"https:\/\/fumotpuff.com\/da\/wp-json\/wp\/v2\/comments?post=2023"}],"wp:featuredmedia":[{"embeddable":true,"href":"https:\/\/fumotpuff.com\/da\/wp-json\/wp\/v2\/media\/2025"}],"wp:attachment":[{"href":"https:\/\/fumotpuff.com\/da\/wp-json\/wp\/v2\/media?parent=2023"}],"wp:term":[{"taxonomy":"product_brand","embeddable":true,"href":"https:\/\/fumotpuff.com\/da\/wp-json\/wp\/v2\/product_brand?post=2023"},{"taxonomy":"product_cat","embeddable":true,"href":"https:\/\/fumotpuff.com\/da\/wp-json\/wp\/v2\/product_cat?post=2023"},{"taxonomy":"product_tag","embeddable":true,"href":"https:\/\/fumotpuff.com\/da\/wp-json\/wp\/v2\/product_tag?post=2023"}],"curies":[{"name":"wp","href":"https:\/\/api.w.org\/{rel}","templated":true}]}}