{"id":2009,"date":"2025-10-05T05:36:53","date_gmt":"2025-10-05T03:36:53","guid":{"rendered":"https:\/\/fumotpuff.com\/?post_type=product&#038;p=2009"},"modified":"2025-10-05T05:36:54","modified_gmt":"2025-10-05T03:36:54","slug":"randm-tornado-9000-black-ice","status":"publish","type":"product","link":"https:\/\/fumotpuff.com\/da\/vare\/randm-tornado-9000-black-ice\/","title":{"rendered":"RandM Tornado 9000 Sort is"},"content":{"rendered":"<h2 class=\"text-xl font-bold text-text-100 mt-1 -mb-0.5\">RandM Tornado 9000 Black Ice engangs vape<\/h2>\n<p class=\"whitespace-normal break-words\">RandM Tornado 9000 Black Ice imponerer med en intens kombination af m\u00f8rke b\u00e6r og en forfriskende k\u00f8leeffekt. Denne popul\u00e6re smag kombinerer s\u00f8dmen fra modne b\u00e6r med en forfriskende k\u00f8lig finish, der g\u00f8r hvert sug til en forfriskende oplevelse. Med 9000 pust og en kapacitet p\u00e5 18 ml e-v\u00e6ske har denne engangs-vape-enhed en enest\u00e5ende lang levetid. Mesh coil-teknologien sikrer en pr\u00e6cis smagsafgivelse, hvor b\u00e5de de frugtagtige noter og den k\u00f8lende effekt er perfekt afbalanceret.<\/p>\n<h3 class=\"text-lg font-bold text-text-100 mt-1 -mb-1.5\">Produktets h\u00f8jdepunkter Black Ice:<\/h3>\n<p class=\"whitespace-normal break-words\">De fleksible nikotinstyrker fra 0% til 5% nikotinsalt giver mulighed for pr\u00e6cis tilpasning til dine dampvaner.<\/p>\n<p class=\"whitespace-normal break-words\">Den avancerede 0,8 ohm mesh coil fremh\u00e6ver de komplekse b\u00e6rnoter og den k\u00f8lende effekt perfekt.<\/p>\n<p class=\"whitespace-normal break-words\">Det tydelige LED-display giver dig mulighed for altid at holde \u00f8je med batteristr\u00f8mmen og enhedens status.<\/p>\n<p class=\"whitespace-normal break-words\">Det kraftige 850 mAh-batteri med praktisk Type-C-opladningsfunktion giver p\u00e5lidelig udholdenhed.<\/p>\n<p class=\"whitespace-normal break-words\">Den automatiske tr\u00e6kaktivering sikrer en j\u00e6vn og ukompliceret dampoplevelse.<\/p>\n<h3 class=\"text-lg font-bold text-text-100 mt-1 -mb-1.5\">Tekniske specifikationer:<\/h3>\n<p class=\"whitespace-normal break-words\"><strong>Tog:<\/strong> 9000<br \/>\n<strong>Indhold af nikotin:<\/strong> 0%\/2%\/3%\/5%<br \/>\n<strong>Nikotintype:<\/strong> Nikotinsalt<br \/>\n<strong>Tankens volumen:<\/strong> 18 ml<br \/>\n<strong>Modstandskraft:<\/strong> 0,8 Ohm mesh-spole<br \/>\n<strong>Batteri:<\/strong> 850mAh genopladelig<br \/>\n<strong>Opladningsforbindelse:<\/strong> USB Type-C<br \/>\n<strong>Aktivering:<\/strong> Automatisk togkontrol<\/p>\n<h3 class=\"text-lg font-bold text-text-100 mt-1 -mb-1.5\">Oplev mere FUMOT VAPE p\u00e5 fumotpuff<\/h3>\n<p class=\"whitespace-normal break-words\">Bes\u00f8g vores <strong><a class=\"underline\" href=\"https:\/\/fumotpuff.com\/da\/\">Online butik<\/a><\/strong> for flere premium-produkter, eller udforsk det brede udvalg af <strong><a class=\"underline\" href=\"https:\/\/fumotpuff.com\/da\/product-category\/fumot-vape\/\">FUMOT VAPE-kollektionen<\/a><\/strong>. Oplev hele udvalget af smagsvarianter i <strong><a class=\"underline\" href=\"https:\/\/fumotpuff.com\/da\/product-category\/fumot-vape\/randm-tornado-9000\/\">RandM Tornado 9000 Oversigt<\/a><\/strong>.<\/p>","protected":false},"excerpt":{"rendered":"<p class=\"whitespace-normal break-words\">RandM Tornado 9000 Black Ice engangsdamper giver op til 9.000 pust med intens smag af m\u00f8rk b\u00e6rfrugt og en forfriskende k\u00f8leeffekt. Udstyret med 18 ml nikotinsaltv\u00e6ske, 0,8\u03a9 mesh coil, 850 mAh genopladeligt batteri, justerbar luftstr\u00f8m og LED-display til forfriskende b\u00e6r-is-dampnydelse.<\/p>","protected":false},"featured_media":2011,"comment_status":"open","ping_status":"closed","template":"","meta":{"_acf_changed":false},"product_brand":[],"product_cat":[25],"product_tag":[],"class_list":{"0":"post-2009","1":"product","2":"type-product","3":"status-publish","4":"has-post-thumbnail","6":"product_cat-randm-tornado-9000","8":"first","9":"instock","10":"shipping-taxable","11":"purchasable","12":"product-type-variable"},"acf":[],"_links":{"self":[{"href":"https:\/\/fumotpuff.com\/da\/wp-json\/wp\/v2\/product\/2009","targetHints":{"allow":["GET"]}}],"collection":[{"href":"https:\/\/fumotpuff.com\/da\/wp-json\/wp\/v2\/product"}],"about":[{"href":"https:\/\/fumotpuff.com\/da\/wp-json\/wp\/v2\/types\/product"}],"replies":[{"embeddable":true,"href":"https:\/\/fumotpuff.com\/da\/wp-json\/wp\/v2\/comments?post=2009"}],"wp:featuredmedia":[{"embeddable":true,"href":"https:\/\/fumotpuff.com\/da\/wp-json\/wp\/v2\/media\/2011"}],"wp:attachment":[{"href":"https:\/\/fumotpuff.com\/da\/wp-json\/wp\/v2\/media?parent=2009"}],"wp:term":[{"taxonomy":"product_brand","embeddable":true,"href":"https:\/\/fumotpuff.com\/da\/wp-json\/wp\/v2\/product_brand?post=2009"},{"taxonomy":"product_cat","embeddable":true,"href":"https:\/\/fumotpuff.com\/da\/wp-json\/wp\/v2\/product_cat?post=2009"},{"taxonomy":"product_tag","embeddable":true,"href":"https:\/\/fumotpuff.com\/da\/wp-json\/wp\/v2\/product_tag?post=2009"}],"curies":[{"name":"wp","href":"https:\/\/api.w.org\/{rel}","templated":true}]}}