{"id":1979,"date":"2025-10-05T05:27:00","date_gmt":"2025-10-05T03:27:00","guid":{"rendered":"https:\/\/fumotpuff.com\/?post_type=product&#038;p=1979"},"modified":"2025-10-05T05:27:01","modified_gmt":"2025-10-05T03:27:01","slug":"randm-tornado-9000-fizzy-cherry","status":"publish","type":"product","link":"https:\/\/fumotpuff.com\/da\/vare\/randm-tornado-9000-fizzy-cherry\/","title":{"rendered":"RandM Tornado 9000 Fizzy Cherry"},"content":{"rendered":"<h2 class=\"text-xl font-bold text-text-100 mt-1 -mb-0.5\">RandM Tornado 9000 Fizzy Cherry engangs vape<\/h2>\n<p class=\"whitespace-normal break-words\">RandM Tornado 9000 Fizzy Cherry bringer prikkende friskhed til engangsdampernes verden. Denne s\u00e6rlige variant kombinerer den klassiske kirseb\u00e6rsmag med en forfriskende kulsyreholdig note, der minder om kirseb\u00e6rlimonade. Med en imponerende kapacitet p\u00e5 9000 pust og 18 ml forudfyldt e-v\u00e6ske giver denne enhed langvarig dampgl\u00e6de. Den sprudlende kirseb\u00e6rsammens\u00e6tning fremh\u00e6ves perfekt af mesh coil-teknologien af h\u00f8j kvalitet og giver en prikkende smagsoplevelse med hvert sug.<\/p>\n<h3 class=\"text-lg font-bold text-text-100 mt-1 -mb-1.5\">Produktets h\u00f8jdepunkter Fizzy Cherry:<\/h3>\n<p class=\"whitespace-normal break-words\">Med fleksible nikotinindstillinger fra 0% til 5% nikotinsalt kan b\u00e5de begyndere og erfarne dampere finde den rigtige styrke.<\/p>\n<p class=\"whitespace-normal break-words\">Den innovative mesh-coil med 0,8 ohm modstand sikrer en j\u00e6vn fordampning og fremh\u00e6ver de livlige fizzy-noter optimalt.<\/p>\n<p class=\"whitespace-normal break-words\">Det tydelige LED-display holder dig l\u00f8bende orienteret om opladningsstatus og driftsparathed.<\/p>\n<p class=\"whitespace-normal break-words\">Takket v\u00e6re det kraftige 850 mAh-batteri og Type-C-hurtigopladningsfunktionen er du altid klar til action.<\/p>\n<p class=\"whitespace-normal break-words\">Det automatiske tr\u00e6k giver en ukompliceret dampoplevelse uden kompliceret betjening.<\/p>\n<h3 class=\"text-lg font-bold text-text-100 mt-1 -mb-1.5\">Tekniske specifikationer:<\/h3>\n<p class=\"whitespace-normal break-words\"><strong>Tog:<\/strong> 9000<br \/>\n<strong>Indhold af nikotin:<\/strong> 0%\/2%\/3%\/5%<br \/>\n<strong>Nikotintype:<\/strong> Nikotinsalt<br \/>\n<strong>Tankens volumen:<\/strong> 18 ml<br \/>\n<strong>Modstandskraft:<\/strong> 0,8 Ohm mesh-spole<br \/>\n<strong>Batteri:<\/strong> 850mAh genopladelig<br \/>\n<strong>Opladningsforbindelse:<\/strong> USB Type-C<br \/>\n<strong>Aktivering:<\/strong> Automatisk togkontrol<\/p>\n<h3 class=\"text-lg font-bold text-text-100 mt-1 -mb-1.5\">Oplev mere FUMOT VAPE p\u00e5 fumotpuff<\/h3>\n<p class=\"whitespace-normal break-words\">Tag et kig p\u00e5 vores <strong><a class=\"underline\" href=\"https:\/\/fumotpuff.com\/da\/\">Startside<\/a><\/strong> eller gennemse det store udvalg af <strong><a class=\"underline\" href=\"https:\/\/fumotpuff.com\/da\/product-category\/fumot-vape\/\">FUMOT VAPE udvalg<\/a><\/strong>. Oplev hele udvalget af smagsvarianter i <strong><a class=\"underline\" href=\"https:\/\/fumotpuff.com\/da\/product-category\/fumot-vape\/randm-tornado-9000\/\">RandM Tornado 9000-kollektionen<\/a><\/strong>.<\/p>","protected":false},"excerpt":{"rendered":"<p class=\"whitespace-normal break-words\">RandM Tornado 9000 Fizzy Cherry engangsdamper giver op til 9.000 pust med smag af sprudlende kirseb\u00e6rlemonade. Udstyret med 18 ml nikotinsaltv\u00e6ske, 0,8\u03a9 mesh coil, 850 mAh genopladeligt batteri, justerbar luftstr\u00f8m og LED-display til prikkende, forfriskende dampnydelse.<\/p>","protected":false},"featured_media":1981,"comment_status":"open","ping_status":"closed","template":"","meta":{"_acf_changed":false},"product_brand":[],"product_cat":[25],"product_tag":[],"class_list":{"0":"post-1979","1":"product","2":"type-product","3":"status-publish","4":"has-post-thumbnail","6":"product_cat-randm-tornado-9000","8":"first","9":"instock","10":"shipping-taxable","11":"purchasable","12":"product-type-variable"},"acf":[],"_links":{"self":[{"href":"https:\/\/fumotpuff.com\/da\/wp-json\/wp\/v2\/product\/1979","targetHints":{"allow":["GET"]}}],"collection":[{"href":"https:\/\/fumotpuff.com\/da\/wp-json\/wp\/v2\/product"}],"about":[{"href":"https:\/\/fumotpuff.com\/da\/wp-json\/wp\/v2\/types\/product"}],"replies":[{"embeddable":true,"href":"https:\/\/fumotpuff.com\/da\/wp-json\/wp\/v2\/comments?post=1979"}],"wp:featuredmedia":[{"embeddable":true,"href":"https:\/\/fumotpuff.com\/da\/wp-json\/wp\/v2\/media\/1981"}],"wp:attachment":[{"href":"https:\/\/fumotpuff.com\/da\/wp-json\/wp\/v2\/media?parent=1979"}],"wp:term":[{"taxonomy":"product_brand","embeddable":true,"href":"https:\/\/fumotpuff.com\/da\/wp-json\/wp\/v2\/product_brand?post=1979"},{"taxonomy":"product_cat","embeddable":true,"href":"https:\/\/fumotpuff.com\/da\/wp-json\/wp\/v2\/product_cat?post=1979"},{"taxonomy":"product_tag","embeddable":true,"href":"https:\/\/fumotpuff.com\/da\/wp-json\/wp\/v2\/product_tag?post=1979"}],"curies":[{"name":"wp","href":"https:\/\/api.w.org\/{rel}","templated":true}]}}