{"id":1965,"date":"2025-10-05T05:21:48","date_gmt":"2025-10-05T03:21:48","guid":{"rendered":"https:\/\/fumotpuff.com\/?post_type=product&#038;p=1965"},"modified":"2025-10-05T05:21:48","modified_gmt":"2025-10-05T03:21:48","slug":"randm-tornado-9000-lemon-lime","status":"publish","type":"product","link":"https:\/\/fumotpuff.com\/da\/vare\/randm-tornado-9000-lemon-lime\/","title":{"rendered":"RandM Tornado 9000 Citron &amp; Lime"},"content":{"rendered":"<h2 class=\"text-xl font-bold text-text-100 mt-1 -mb-0.5\">RandM Tornado 9000 Lemon &amp; Lime engangs vape<\/h2>\n<p class=\"whitespace-normal break-words\">RandM Tornado 9000 med Lemon &amp; Lime-smag kombinerer syrlig citron med syrlig lime for at skabe en forfriskende dampoplevelse. Denne fyldte engangsdamper scorer med imponerende 9000 pust og en gener\u00f8s e-v\u00e6ske-kapacitet p\u00e5 18 ml. Den perfekte balance mellem s\u00f8d citron og syrlig lime sikrer en forfriskende smag, der holder dig i gang hele dagen. Takket v\u00e6re den integrerede mesh-coil er hvert pust en intens smagsoplevelse med optimal dampudvikling.<\/p>\n<h3 class=\"text-lg font-bold text-text-100 mt-1 -mb-1.5\">Produktets h\u00f8jdepunkter Lemon &amp; Lime:<\/h3>\n<p class=\"whitespace-normal break-words\">De tilg\u00e6ngelige nikotinstyrker p\u00e5 0%, 2%, 3% og 5% nikotinsalt giver dig mulighed for at v\u00e6lge intensiteten i henhold til dine personlige pr\u00e6ferencer.<\/p>\n<p class=\"whitespace-normal break-words\">Med den h\u00f8jkvalitets 0,8 ohm mesh coil vil du opleve en ekstraordin\u00e6r smagsudvikling, der perfekt fremh\u00e6ver de friske citrusnoter.<\/p>\n<p class=\"whitespace-normal break-words\">Det praktiske LED-display viser dig altid den aktuelle batteristatus og vigtige oplysninger om enheden.<\/p>\n<p class=\"whitespace-normal break-words\">Det kraftige 850 mAh-batteri kan genoplades via USB Type-C og garanterer kontinuerlig dampnydelse uden lange ventetider.<\/p>\n<p class=\"whitespace-normal break-words\">Den tr\u00e6kaktiverede funktion g\u00f8r apparatet s\u00e6rligt nemt at bruge og praktisk for begyndere.<\/p>\n<h3 class=\"text-lg font-bold text-text-100 mt-1 -mb-1.5\">Tekniske specifikationer:<\/h3>\n<p class=\"whitespace-normal break-words\"><strong>Tog:<\/strong> 9000<br \/>\n<strong>Indhold af nikotin:<\/strong> 0%\/2%\/3%\/5%<br \/>\n<strong>Nikotintype:<\/strong> Nikotinsalt<br \/>\n<strong>Tankens volumen:<\/strong> 18 ml<br \/>\n<strong>Modstandskraft:<\/strong> 0,8 Ohm mesh-spole<br \/>\n<strong>Batteri:<\/strong> 850mAh genopladelig<br \/>\n<strong>Opladningsforbindelse:<\/strong> USB Type-C<br \/>\n<strong>Aktivering:<\/strong> Automatisk togkontrol<\/p>\n<h3 class=\"text-lg font-bold text-text-100 mt-1 -mb-1.5\">Oplev mere FUMOT VAPE p\u00e5 fumotpuff<\/h3>\n<p class=\"whitespace-normal break-words\">Oplev flere premium-produkter i vores <strong><a class=\"underline\" href=\"https:\/\/fumotpuff.com\/da\/\">Online butik<\/a><\/strong> eller gennemse vores eksklusive <strong><a class=\"underline\" href=\"https:\/\/fumotpuff.com\/da\/product-category\/fumot-vape\/\">FUMOT VAPE-kollektionen<\/a><\/strong>. Du kan finde alle tilg\u00e6ngelige smagsvarianter i vores <strong><a class=\"underline\" href=\"https:\/\/fumotpuff.com\/da\/product-category\/fumot-vape\/randm-tornado-9000\/\">RandM Tornado 9000 Oversigt<\/a><\/strong>.<\/p>","protected":false},"excerpt":{"rendered":"<p class=\"whitespace-normal break-words\">RandM Tornado 9000 Lemon &amp; Lime engangsdamper giver op til 9.000 pust med en forfriskende citron-lime-kombination. Udstyret med 18 ml nikotinsaltv\u00e6ske, 0,8\u03a9 mesh coil, 850 mAh genopladeligt batteri, justerbar luftstr\u00f8m og LED-display til forfriskende citrusdamp.<\/p>","protected":false},"featured_media":1967,"comment_status":"open","ping_status":"closed","template":"","meta":{"_acf_changed":false},"product_brand":[],"product_cat":[25],"product_tag":[],"class_list":{"0":"post-1965","1":"product","2":"type-product","3":"status-publish","4":"has-post-thumbnail","6":"product_cat-randm-tornado-9000","8":"first","9":"instock","10":"shipping-taxable","11":"purchasable","12":"product-type-variable"},"acf":[],"_links":{"self":[{"href":"https:\/\/fumotpuff.com\/da\/wp-json\/wp\/v2\/product\/1965","targetHints":{"allow":["GET"]}}],"collection":[{"href":"https:\/\/fumotpuff.com\/da\/wp-json\/wp\/v2\/product"}],"about":[{"href":"https:\/\/fumotpuff.com\/da\/wp-json\/wp\/v2\/types\/product"}],"replies":[{"embeddable":true,"href":"https:\/\/fumotpuff.com\/da\/wp-json\/wp\/v2\/comments?post=1965"}],"wp:featuredmedia":[{"embeddable":true,"href":"https:\/\/fumotpuff.com\/da\/wp-json\/wp\/v2\/media\/1967"}],"wp:attachment":[{"href":"https:\/\/fumotpuff.com\/da\/wp-json\/wp\/v2\/media?parent=1965"}],"wp:term":[{"taxonomy":"product_brand","embeddable":true,"href":"https:\/\/fumotpuff.com\/da\/wp-json\/wp\/v2\/product_brand?post=1965"},{"taxonomy":"product_cat","embeddable":true,"href":"https:\/\/fumotpuff.com\/da\/wp-json\/wp\/v2\/product_cat?post=1965"},{"taxonomy":"product_tag","embeddable":true,"href":"https:\/\/fumotpuff.com\/da\/wp-json\/wp\/v2\/product_tag?post=1965"}],"curies":[{"name":"wp","href":"https:\/\/api.w.org\/{rel}","templated":true}]}}