{"id":1669,"date":"2025-09-29T05:41:07","date_gmt":"2025-09-29T03:41:07","guid":{"rendered":"https:\/\/fumotpuff.com\/?post_type=product&#038;p=1669"},"modified":"2025-09-29T05:41:07","modified_gmt":"2025-09-29T03:41:07","slug":"randm-digital-box-12000-lemon-lime","status":"publish","type":"product","link":"https:\/\/fumotpuff.com\/da\/vare\/randm-digital-box-12000-lemon-lime\/","title":{"rendered":"RandM Digital Box 12000 Lemon &amp; Lime"},"content":{"rendered":"<h2 class=\"text-xl font-bold text-text-100 mt-1 -mb-0.5\">RandM Digital Box 12000 Lemon &amp; Lime engangs e-cigaret<\/h2>\n<p class=\"whitespace-normal break-words\">Den <strong>RandM Digital Box 12000 Lemon &amp; Lime<\/strong> tilbyder den perfekte balance mellem syrlig citron og forfriskende lime for en forfriskende citrussmag. Denne genopladelige vape-enhed er udstyret med et digitalt display, der overv\u00e5ger batteriniveau og v\u00e6skem\u00e6ngde i realtid. Med en volumen p\u00e5 20 ml og nikotinsaltkoncentrationer p\u00e5 0\/2\/3\/5 % f\u00e5r du op til 12.000 forfriskende pust. LCD-displayet viser dig hele tiden den resterende batterikapacitet og e-v\u00e6skeforsyningen, s\u00e5 der ikke er nogen u\u00f8nskede afbrydelser. Type-C-opladningsforbindelsen giver dig mulighed for at<\/p>\n<h3 class=\"text-lg font-bold text-text-100 mt-1 -mb-1.5\">Fordele ved RandM Digital Box 12000 Lemon &amp; Lime:<\/h3>\n<p class=\"whitespace-normal break-words\"><strong>Enest\u00e5ende levetid:<\/strong> Op til 12.000 pust giver flere ugers dampnydelse uden genopfyldning.<\/p>\n<p class=\"whitespace-normal break-words\"><strong>Tank med stor kapacitet:<\/strong> Indholdet p\u00e5 20 ml reducerer behovet for genopfyldning til et absolut minimum.<\/p>\n<p class=\"whitespace-normal break-words\"><strong>H\u00f8jtydende batteri:<\/strong> Genopladeligt batteri p\u00e5 850 mAh med Type-C-gr\u00e6nseflade til effektive opladningscyklusser.<\/p>\n<p class=\"whitespace-normal break-words\"><strong>Ensartet smagskvalitet:<\/strong> 1\u03a9 Mesh coil sikrer intens citrussmag ved hvert sug.<\/p>\n<p class=\"whitespace-normal break-words\"><strong>Smart digitalt display:<\/strong> Integreret LCD til permanent overv\u00e5gning af batteristatus og antal tog.<\/p>\n<h3 class=\"text-lg font-bold text-text-100 mt-1 -mb-1.5\">Tekniske specifikationer:<\/h3>\n<p class=\"whitespace-normal break-words\"><strong>Nikotinsalt:<\/strong> 0% \/ 2% \/ 3% \/ 5%<\/p>\n<p class=\"whitespace-normal break-words\"><strong>Volumen af e-v\u00e6ske:<\/strong> 20 ml<\/p>\n<p class=\"whitespace-normal break-words\"><strong>Tog pr. enhed:<\/strong> 12.000<\/p>\n<p class=\"whitespace-normal break-words\"><strong>Udstyr:<\/strong> Digital indikator for batteri- og v\u00e6skeniveau<\/p>\n<p class=\"whitespace-normal break-words\"><strong>Batteri:<\/strong> Genopladelig, integreret 850mAh<\/p>\n<p class=\"whitespace-normal break-words\"><strong>Emballageenhed:<\/strong> 10 stykker i en display\u00e6ske<\/p>\n<h3 class=\"text-lg font-bold text-text-100 mt-1 -mb-1.5\">Oplev mere FUMOT VAPE p\u00e5 fumotpuff<\/h3>\n<p class=\"whitespace-normal break-words\">Udforsk flere fremragende vape-produkter p\u00e5 vores <strong><a class=\"underline\" href=\"https:\/\/fumotpuff.com\/da\/\">Startside<\/a><\/strong> eller bes\u00f8g den alsidige <strong><a class=\"underline\" href=\"https:\/\/fumotpuff.com\/da\/product-category\/fumot-vape\/\">FUMOT VAPE produktsortiment<\/a><\/strong> med avancerede dampapparater. Oplev hele udvalget af smagsvarianter i <strong><a class=\"underline\" href=\"https:\/\/fumotpuff.com\/da\/product-category\/fumot-vape\/randm-digital-box-12000\/\">Oversigt over RandM Digital Box 12000-serien<\/a><\/strong>.<\/p>","protected":false},"excerpt":{"rendered":"<p class=\"whitespace-normal break-words\">RandM Digital Box 12000 Lemon &amp; Lime tilbyder den perfekte balance mellem syrlig citron og forfriskende lime for en forfriskende citrussmag. Genopladelig vape med 20 ml e-v\u00e6ske, op til 12.000 pust, LCD-display til batteri- og v\u00e6skeniveau. Batteri p\u00e5 850 mAh, Type-C.<\/p>","protected":false},"featured_media":1672,"comment_status":"open","ping_status":"closed","template":"","meta":{"_acf_changed":false},"product_brand":[],"product_cat":[24],"product_tag":[],"class_list":{"0":"post-1669","1":"product","2":"type-product","3":"status-publish","4":"has-post-thumbnail","6":"product_cat-randm-digital-box-12000","8":"first","9":"instock","10":"shipping-taxable","11":"purchasable","12":"product-type-variable"},"acf":[],"_links":{"self":[{"href":"https:\/\/fumotpuff.com\/da\/wp-json\/wp\/v2\/product\/1669","targetHints":{"allow":["GET"]}}],"collection":[{"href":"https:\/\/fumotpuff.com\/da\/wp-json\/wp\/v2\/product"}],"about":[{"href":"https:\/\/fumotpuff.com\/da\/wp-json\/wp\/v2\/types\/product"}],"replies":[{"embeddable":true,"href":"https:\/\/fumotpuff.com\/da\/wp-json\/wp\/v2\/comments?post=1669"}],"wp:featuredmedia":[{"embeddable":true,"href":"https:\/\/fumotpuff.com\/da\/wp-json\/wp\/v2\/media\/1672"}],"wp:attachment":[{"href":"https:\/\/fumotpuff.com\/da\/wp-json\/wp\/v2\/media?parent=1669"}],"wp:term":[{"taxonomy":"product_brand","embeddable":true,"href":"https:\/\/fumotpuff.com\/da\/wp-json\/wp\/v2\/product_brand?post=1669"},{"taxonomy":"product_cat","embeddable":true,"href":"https:\/\/fumotpuff.com\/da\/wp-json\/wp\/v2\/product_cat?post=1669"},{"taxonomy":"product_tag","embeddable":true,"href":"https:\/\/fumotpuff.com\/da\/wp-json\/wp\/v2\/product_tag?post=1669"}],"curies":[{"name":"wp","href":"https:\/\/api.w.org\/{rel}","templated":true}]}}