{"id":1604,"date":"2025-09-29T04:33:27","date_gmt":"2025-09-29T02:33:27","guid":{"rendered":"https:\/\/fumotpuff.com\/?post_type=product&#038;p=1604"},"modified":"2025-09-29T04:33:27","modified_gmt":"2025-09-29T02:33:27","slug":"randm-digital-box-12000-apple-berry-blast","status":"publish","type":"product","link":"https:\/\/fumotpuff.com\/da\/vare\/randm-digital-box-12000-apple-berry-blast\/","title":{"rendered":"RandM Digital Box 12000 Apple Berry Blast"},"content":{"rendered":"<h2 class=\"text-xl font-bold text-text-100 mt-1 -mb-0.5\">RandM Digital Box 12000 Apple Berry Blast engangs e-cigaret<\/h2>\n<p class=\"whitespace-normal break-words\">Den <strong>RandM Digital Box 12000 Apple Berry Blast<\/strong> kombinerer saftige \u00e6bler med en eksplosiv b\u00e6rblanding for en frugtagtig smagsoplevelse. Dette genopladelige vape-system har et digitalt display til live-overv\u00e5gning af batteristatus og e-v\u00e6ske-niveau. Med en kapacitet p\u00e5 20 ml og valgbare nikotinsaltkoncentrationer p\u00e5 0\/2\/3\/5 % kan du nyde op til 12.000 forfriskende pust. LCD-displayet viser dig l\u00f8bende den resterende batterikapacitet og v\u00e6skem\u00e6ngde, hvilket forhindrer u\u00f8nskede afbrydelser. Type-C-opladningsforbindelsen garanterer fuld udnyttelse af e-v\u00e6sken.<\/p>\n<h3 class=\"text-lg font-bold text-text-100 mt-1 -mb-1.5\">Fordele ved RandM Digital Box 12000 Apple Berry Blast:<\/h3>\n<p class=\"whitespace-normal break-words\"><strong>Maksimalt antal buffere:<\/strong> Op til 12.000 pust for langvarig dampnydelse.<\/p>\n<p class=\"whitespace-normal break-words\"><strong>Stort v\u00e6skereservoir:<\/strong> 20 ml kapacitet sikrer sj\u00e6ldne genopfyldningsintervaller og maksimal bekvemmelighed.<\/p>\n<p class=\"whitespace-normal break-words\"><strong>Kraftfuld energilagring:<\/strong> Genopladeligt batteri p\u00e5 850 mAh med Type-C-port til hurtig opladning.<\/p>\n<p class=\"whitespace-normal break-words\"><strong>J\u00e6vn dampgennemstr\u00f8mning:<\/strong> 1\u03a9 Mesh coil sikrer ensartet smagskvalitet ved hvert sug.<\/p>\n<p class=\"whitespace-normal break-words\"><strong>Moderne LCD-sk\u00e6rm:<\/strong> Indbygget sk\u00e6rm til realtidsoverv\u00e5gning af batterilevetid og antal tog.<\/p>\n<h3 class=\"text-lg font-bold text-text-100 mt-1 -mb-1.5\">Tekniske specifikationer:<\/h3>\n<p class=\"whitespace-normal break-words\"><strong>Nikotinsalt:<\/strong> 0% \/ 2% \/ 3% \/ 5%<\/p>\n<p class=\"whitespace-normal break-words\"><strong>Volumen af e-v\u00e6ske:<\/strong> 20 ml<\/p>\n<p class=\"whitespace-normal break-words\"><strong>Tog pr. enhed:<\/strong> 12.000<\/p>\n<p class=\"whitespace-normal break-words\"><strong>Udstyr:<\/strong> Digital indikator for batteri- og v\u00e6skeniveau<\/p>\n<p class=\"whitespace-normal break-words\"><strong>Batteri:<\/strong> Genopladelig, integreret 850mAh<\/p>\n<p class=\"whitespace-normal break-words\"><strong>Emballageenhed:<\/strong> 10 stykker i en display\u00e6ske<\/p>\n<h3 class=\"text-lg font-bold text-text-100 mt-1 -mb-1.5\">Oplev mere FUMOT VAPE p\u00e5 fumotpuff<\/h3>\n<p class=\"whitespace-normal break-words\">Oplev det p\u00e5 vores <strong><a class=\"underline\" href=\"https:\/\/fumotpuff.com\/da\/\">Startside<\/a><\/strong> et bredt udvalg af premium vape-produkter, eller udforsk de innovative <strong><a class=\"underline\" href=\"https:\/\/fumotpuff.com\/da\/product-category\/fumot-vape\/\">FUMOT VAPE-kollektionen<\/a><\/strong> med trends\u00e6ttende apparater. Du kan finde det komplette udvalg af alle smagsvarianter i <strong><a class=\"underline\" href=\"https:\/\/fumotpuff.com\/da\/product-category\/fumot-vape\/randm-digital-box-12000\/\">RandM Digital Box 12000 smagskollektion<\/a><\/strong>.<\/p>","protected":false},"excerpt":{"rendered":"<p class=\"whitespace-normal break-words\">RandM Digital Box 12000 Apple Berry Blast kombinerer saftige \u00e6bler med en eksplosiv b\u00e6rsmag. Genopladelig vape med 20 ml e-v\u00e6ske, op til 12.000 pust, LCD-display til batteri- og v\u00e6skeniveau. 850mAh batteri, mesh coil, Type-C opladning. Nikotinsalt 0-5%.<\/p>","protected":false},"featured_media":1607,"comment_status":"open","ping_status":"closed","template":"","meta":{"_acf_changed":false},"product_brand":[],"product_cat":[24],"product_tag":[],"class_list":{"0":"post-1604","1":"product","2":"type-product","3":"status-publish","4":"has-post-thumbnail","6":"product_cat-randm-digital-box-12000","8":"first","9":"instock","10":"shipping-taxable","11":"purchasable","12":"product-type-variable"},"acf":[],"_links":{"self":[{"href":"https:\/\/fumotpuff.com\/da\/wp-json\/wp\/v2\/product\/1604","targetHints":{"allow":["GET"]}}],"collection":[{"href":"https:\/\/fumotpuff.com\/da\/wp-json\/wp\/v2\/product"}],"about":[{"href":"https:\/\/fumotpuff.com\/da\/wp-json\/wp\/v2\/types\/product"}],"replies":[{"embeddable":true,"href":"https:\/\/fumotpuff.com\/da\/wp-json\/wp\/v2\/comments?post=1604"}],"wp:featuredmedia":[{"embeddable":true,"href":"https:\/\/fumotpuff.com\/da\/wp-json\/wp\/v2\/media\/1607"}],"wp:attachment":[{"href":"https:\/\/fumotpuff.com\/da\/wp-json\/wp\/v2\/media?parent=1604"}],"wp:term":[{"taxonomy":"product_brand","embeddable":true,"href":"https:\/\/fumotpuff.com\/da\/wp-json\/wp\/v2\/product_brand?post=1604"},{"taxonomy":"product_cat","embeddable":true,"href":"https:\/\/fumotpuff.com\/da\/wp-json\/wp\/v2\/product_cat?post=1604"},{"taxonomy":"product_tag","embeddable":true,"href":"https:\/\/fumotpuff.com\/da\/wp-json\/wp\/v2\/product_tag?post=1604"}],"curies":[{"name":"wp","href":"https:\/\/api.w.org\/{rel}","templated":true}]}}