{"id":250,"date":"2025-09-10T04:17:18","date_gmt":"2025-09-10T02:17:18","guid":{"rendered":"https:\/\/fumotpuff.com\/?page_id=250"},"modified":"2025-09-10T04:17:19","modified_gmt":"2025-09-10T02:17:19","slug":"rueckgaberichtlinie","status":"publish","type":"page","link":"https:\/\/fumotpuff.com\/da\/rueckgaberichtlinie\/","title":{"rendered":"Politik for returnering"},"content":{"rendered":"<blockquote class=\"wp-block-quote is-layout-flow wp-block-quote-is-layout-flow\">\n<p><strong>Vigtig bem\u00e6rkning:<\/strong> L\u00e6s venligst denne politik omhyggeligt, f\u00f8r du kontakter os vedr\u00f8rende returnering, tilbagebetaling eller ombytning.<\/p>\n<\/blockquote>\n\n\n\n<h2 class=\"wp-block-heading\">Retur- og ombytningsperioder<\/h2>\n\n\n\n<h3 class=\"wp-block-heading\">\u23f1\ufe0f 3-dages reglen<\/h3>\n\n\n\n<ul class=\"wp-block-list\">\n<li><strong>Deadline for eksamen:<\/strong> Du har 3 dage til at kontrollere varerne efter modtagelsen<\/li>\n\n\n\n<li><strong>Klageperiode:<\/strong> Returnering er kun mulig inden for 3 dage efter k\u00f8bsdatoen.<\/li>\n\n\n\n<li><strong>Umiddelbar kontrol:<\/strong> Tjek alle elementer for korrekt funktion straks efter modtagelse<\/li>\n<\/ul>\n\n\n\n<p><strong>Vi kan desv\u00e6rre ikke behandle tilbagebetalinger eller ombytninger, efter at 3-dages perioden er udl\u00f8bet.<\/strong><\/p>\n\n\n\n<h2 class=\"wp-block-heading\">\u00c6ndringer og annulleringer af ordrer<\/h2>\n\n\n\n<h3 class=\"wp-block-heading\">F\u00f8r afsendelse \u2705<\/h3>\n\n\n\n<ul class=\"wp-block-list\">\n<li><strong>\u00c6ndring af adresse:<\/strong> Korrektion af leveringsadressen mulig<\/li>\n\n\n\n<li><strong>Aflysning:<\/strong> Fuldst\u00e6ndig annullering af ordre mulig<\/li>\n\n\n\n<li><strong>Kontakt:<\/strong> chbzyluryberel@gmail.com for alle \u00e6ndringsanmodninger<\/li>\n<\/ul>\n\n\n\n<h3 class=\"wp-block-heading\">Efter afsendelse \u274c<\/h3>\n\n\n\n<p>N\u00e5r din ordre er afsendt, er det ikke l\u00e6ngere muligt at \u00e6ndre eller annullere den.<\/p>\n\n\n\n<h3 class=\"wp-block-heading\">Sendinger, der ikke kan leveres<\/h3>\n\n\n\n<p>I tilf\u00e6lde af afvisning af pakken eller forkert adresse vil vi opkr\u00e6ve en <strong>Behandlingsgebyr fra 30%<\/strong> af k\u00f8bsbel\u00f8bet for tilbagebetaling.<\/p>\n\n\n\n<h2 class=\"wp-block-heading\">Hvad kan IKKE returneres<\/h2>\n\n\n\n<h3 class=\"wp-block-heading\">\ud83d\udeab Generelt udelukket<\/h3>\n\n\n\n<ul class=\"wp-block-list\">\n<li>Gratis reklamepr\u00f8ver<\/li>\n\n\n\n<li>Tilpassede ordrer via salgsrepr\u00e6sentanter<\/li>\n\n\n\n<li>Engros-ordrer<\/li>\n\n\n\n<li>Normale, \u00e5bnede varer (50% genopfyldningsgebyr)<\/li>\n<\/ul>\n\n\n\n<h3 class=\"wp-block-heading\">\ud83d\udeab- Hygiejne- og sikkerhedsm\u00e6ssige \u00e5rsager<\/h3>\n\n\n\n<p>F\u00f8lgende varer er udelukket fra returnering:<\/p>\n\n\n\n<ul class=\"wp-block-list\">\n<li><strong>E-v\u00e6sker\/e-cigaretolier<\/strong><\/li>\n\n\n\n<li><strong>Mundstykker og patroner<\/strong><\/li>\n\n\n\n<li><strong>Spoler og fordampningskerner<\/strong><\/li>\n\n\n\n<li><strong>\u00c5bnede tanke\/RDA\/RDTA-enheder<\/strong><\/li>\n\n\n\n<li><strong>Ledninger og bomuld<\/strong><\/li>\n\n\n\n<li><strong>Tanke og fordampere<\/strong><\/li>\n\n\n\n<li><strong>Batterier og opladere<\/strong><\/li>\n<\/ul>\n\n\n\n<h3 class=\"wp-block-heading\">\ud83d\udeab Beskadigede genstande<\/h3>\n\n\n\n<p>Produkter med kan ikke returneres:<\/p>\n\n\n\n<ul class=\"wp-block-list\">\n<li>Fysisk skade eller vandskade<\/li>\n\n\n\n<li>Spor af manipulation<\/li>\n\n\n\n<li>Misfarvning eller beskadigelse af emballage med e-v\u00e6sker<\/li>\n<\/ul>\n\n\n\n<h2 class=\"wp-block-heading\">Hvad kan returneres?<\/h2>\n\n\n\n<h3 class=\"wp-block-heading\">\u2705 Accepterede returneringer<\/h3>\n\n\n\n<p><strong>Udelukkende defekte produkter<\/strong> - Normale, funktionelle varer tages ikke retur.<\/p>\n\n\n\n<h2 class=\"wp-block-heading\">Returproces<\/h2>\n\n\n\n<h3 class=\"wp-block-heading\">1\ufe0f\u20e3 Send en anmodning om returnering<\/h3>\n\n\n\n<p><strong>Kontakt:<\/strong> chbzyluryberel@gmail.com<\/p>\n\n\n\n<p><strong>N\u00f8dvendige oplysninger:<\/strong><\/p>\n\n\n\n<ul class=\"wp-block-list\">\n<li>Fuldt navn<\/li>\n\n\n\n<li>Ordrenummer og dato<\/li>\n\n\n\n<li>Produktnavn (m\u00e6rke, model, farve)<\/li>\n\n\n\n<li>\u00c5rsag til returnering (f.eks. defekt produkt, forkert vare)<\/li>\n\n\n\n<li><strong>Foto\/video-kreditering<\/strong> af defekten med synlig stregkode, serienummer og QR-kode<\/li>\n\n\n\n<li>\u00d8nsket l\u00f8sning (tilbagebetaling, kreditnota, ombytning)<\/li>\n<\/ul>\n\n\n\n<p>\u26a0\ufe0f <strong>Returen kan ikke behandles uden fuldst\u00e6ndige oplysninger.<\/strong><\/p>\n\n\n\n<h3 class=\"wp-block-heading\">2\ufe0f\u20e3 Returforsendelse<\/h3>\n\n\n\n<ul class=\"wp-block-list\">\n<li><strong>Emballage:<\/strong> Omhyggelig indpakning p\u00e5 din regning<\/li>\n\n\n\n<li><strong>Afsendelse:<\/strong> Returforsendelse med din egen label<\/li>\n\n\n\n<li><strong>Behandlingstid:<\/strong> 1-3 arbejdsdage efter modtagelse af varer<\/li>\n<\/ul>\n\n\n\n<h3 class=\"wp-block-heading\">3\ufe0f\u20e3 Krav til defekte varer<\/h3>\n\n\n\n<ul class=\"wp-block-list\">\n<li>Ingen fysiske skader eller dybe ridser<\/li>\n\n\n\n<li>Ingen returnering p\u00e5 grund af mindre kosmetiske fejl<\/li>\n\n\n\n<li>Alt tilbeh\u00f8r skal v\u00e6re inkluderet<\/li>\n\n\n\n<li>Omhyggelig indpakning (transportskader er for din regning)<\/li>\n\n\n\n<li>Artiklen m\u00e5 ikke v\u00e6re p\u00e5 udelukkelseslisten<\/li>\n<\/ul>\n\n\n\n<h2 class=\"wp-block-heading\">Tilbagebetaling og ombytning<\/h2>\n\n\n\n<h3 class=\"wp-block-heading\">\ud83d\udcb0 Tilbagebetalingsprocedure<\/h3>\n\n\n\n<ul class=\"wp-block-list\">\n<li><strong>Behandlingstid:<\/strong> 7-10 arbejdsdage efter modtagelse af varer<\/li>\n\n\n\n<li><strong>Bankvilk\u00e5r:<\/strong> Op til 10 ekstra dage<\/li>\n\n\n\n<li><strong>Metode:<\/strong> Tilbagebetaling til den oprindelige betalingsmetode<\/li>\n\n\n\n<li><strong>Forsendelsesomkostninger:<\/strong> Vil ikke blive refunderet<\/li>\n<\/ul>\n\n\n\n<h3 class=\"wp-block-heading\">\ud83d\udce7 Kommunikation<\/h3>\n\n\n\n<p>Du vil modtage e-mail-meddelelser om:<\/p>\n\n\n\n<ul class=\"wp-block-list\">\n<li>Indg\u00e5ende varer<\/li>\n\n\n\n<li>Resultat af revision<\/li>\n\n\n\n<li>Godkendelse\/afvisning<\/li>\n\n\n\n<li>Behandling af tilbagebetaling<\/li>\n<\/ul>\n\n\n\n<h3 class=\"wp-block-heading\">\ud83c\udf81 S\u00e6rlig artikel<\/h3>\n\n\n\n<ul class=\"wp-block-list\">\n<li><strong>Varer til almindelig pris:<\/strong> Fuldt refunderbar<\/li>\n\n\n\n<li><strong>Reklameartikler:<\/strong> Ikke-refunderbar<\/li>\n\n\n\n<li><strong>Udsalgsvarer:<\/strong> Ombytning kun hvis tilg\u00e6ngelig, ingen gentagne bestillinger<\/li>\n<\/ul>\n\n\n\n<h2 class=\"wp-block-heading\">Vigtige bem\u00e6rkninger<\/h2>\n\n\n\n<h3 class=\"wp-block-heading\">\ud83d\udce6 Transportrisiko<\/h3>\n\n\n\n<p>Vi p\u00e5tager os intet ansvar for mistede, stj\u00e5lne eller beskadigede returvarer. Vi giver dig besked om manglende eller beskadigede varer inden for 24-48 timer.<\/p>\n\n\n\n<h3 class=\"wp-block-heading\">\ud83d\udcb8 Ikke-kvalificerede afkast<\/h3>\n\n\n\n<p>Hvis din returnering ikke lever op til vores retningslinjer, skal du betale returfragten for at f\u00e5 varen tilbage.<\/p>\n\n\n\n<h3 class=\"wp-block-heading\">\ud83e\udd14 K\u00f8berens anger<\/h3>\n\n\n\n<p>\u00c5bnede eller brugte varer uden fejl og mangler tages ikke retur.<\/p>\n\n\n\n<h2 class=\"wp-block-heading\">Juridisk information<\/h2>\n\n\n\n<h3 class=\"wp-block-heading\">\ud83d\udccb Retningslinjer for forsendelse<\/h3>\n\n\n\n<p><strong>Personligt ansvar:<\/strong> Tjek din lokale, regionale og nationale lovgivning, f\u00f8r du k\u00f8ber. fumotpuff p\u00e5tager sig intet ansvar for potentielt ulovlige k\u00f8b.<\/p>\n\n\n\n<h3 class=\"wp-block-heading\">\ud83d\udeab Kontant ved levering<\/h3>\n\n\n\n<p>Efterkrav tilbydes ikke l\u00e6ngere.<\/p>\n\n\n\n<h3 class=\"wp-block-heading\">\u2696\ufe0f Ansvarsfraskrivelse<\/h3>\n\n\n\n<ul class=\"wp-block-list\">\n<li><strong>Ingen juridisk r\u00e5dgivning:<\/strong> Alle oplysninger er kun til generel information<\/li>\n\n\n\n<li><strong>Virkelighed:<\/strong> Oplysningerne er m\u00e5ske ikke opdaterede<\/li>\n\n\n\n<li><strong>Batteriets ansvar:<\/strong> Intet ansvar for skader for\u00e5rsaget af forkert h\u00e5ndtering af litium-ion-batterier<\/li>\n<\/ul>\n\n\n\n<hr class=\"wp-block-separator has-alpha-channel-opacity\"\/>\n\n\n\n<p><strong>\ud83d\udce7 Kontakt for returnering:<\/strong> chbzyluryberel@gmail.com<\/p>\n\n\n\n<p><em>Vi anbefaler, at du kontakter os, f\u00f8r du returnerer en vare, hvis du er usikker p\u00e5, om den er egnet til at blive returneret.<\/em><\/p>","protected":false},"excerpt":{"rendered":"<p>Wichtiger Hinweis: Bitte lesen Sie diese Richtlinien aufmerksam durch, bevor Sie uns bez\u00fcglich R\u00fcckgaben, Erstattungen oder Umtausch kontaktieren. R\u00fcckgabe- und Umtauschfristen \u23f1\ufe0f 3-Tage-Regelung Nach Ablauf der 3-Tage-Frist k\u00f6nnen wir leider keine R\u00fcckerstattungen oder Umtausche mehr bearbeiten. Bestellungs\u00e4nderungen und Stornierungen Vor dem Versand \u2705 Nach dem Versand \u274c Sobald Ihre Bestellung versandt wurde, sind keine \u00c4nderungen [&#8230;]\n","protected":false},"author":1,"featured_media":0,"parent":0,"menu_order":0,"comment_status":"closed","ping_status":"closed","template":"","meta":{"_acf_changed":false,"footnotes":""},"class_list":["post-250","page","type-page","status-publish","hentry"],"acf":[],"_links":{"self":[{"href":"https:\/\/fumotpuff.com\/da\/wp-json\/wp\/v2\/pages\/250","targetHints":{"allow":["GET"]}}],"collection":[{"href":"https:\/\/fumotpuff.com\/da\/wp-json\/wp\/v2\/pages"}],"about":[{"href":"https:\/\/fumotpuff.com\/da\/wp-json\/wp\/v2\/types\/page"}],"author":[{"embeddable":true,"href":"https:\/\/fumotpuff.com\/da\/wp-json\/wp\/v2\/users\/1"}],"replies":[{"embeddable":true,"href":"https:\/\/fumotpuff.com\/da\/wp-json\/wp\/v2\/comments?post=250"}],"version-history":[{"count":1,"href":"https:\/\/fumotpuff.com\/da\/wp-json\/wp\/v2\/pages\/250\/revisions"}],"predecessor-version":[{"id":251,"href":"https:\/\/fumotpuff.com\/da\/wp-json\/wp\/v2\/pages\/250\/revisions\/251"}],"wp:attachment":[{"href":"https:\/\/fumotpuff.com\/da\/wp-json\/wp\/v2\/media?parent=250"}],"curies":[{"name":"wp","href":"https:\/\/api.w.org\/{rel}","templated":true}]}}